{"id":183,"date":"2018-03-11T22:35:54","date_gmt":"2018-03-11T22:35:54","guid":{"rendered":"https:\/\/master.themovation.com\/golf\/range\/?page_id=466"},"modified":"2025-08-14T09:49:25","modified_gmt":"2025-08-14T09:49:25","slug":"contact","status":"publish","type":"page","link":"https:\/\/clubdegolfgandia.com.es\/en\/contact\/","title":{"rendered":"Contact"},"content":{"rendered":"\t\t<div data-elementor-type=\"wp-post\" data-elementor-id=\"183\" class=\"elementor elementor-183\">\n\t\t\t\t\t\t<section class=\"elementor-section elementor-top-section elementor-element elementor-element-3539bf1b elementor-section-full_width elementor-section-height-default elementor-section-height-default\" data-id=\"3539bf1b\" data-element_type=\"section\" data-e-type=\"section\">\n\t\t\t\t\t\t<div class=\"elementor-container elementor-column-gap-no\">\n\t\t\t\t\t<div class=\"elementor-column elementor-col-100 elementor-top-column elementor-element elementor-element-7ff530b\" data-id=\"7ff530b\" data-element_type=\"column\" data-e-type=\"column\">\n\t\t\t<div class=\"elementor-widget-wrap elementor-element-populated\">\n\t\t\t\t\t\t<div class=\"elementor-element elementor-element-783a9cfe elementor-widget elementor-widget-themo-google-maps\" data-id=\"783a9cfe\" data-element_type=\"widget\" data-e-type=\"widget\" data-widget_type=\"themo-google-maps.default\">\n\t\t\t\t<div class=\"elementor-widget-container\">\n\t\t\t\t\t        <div class=\"container th-gmap-wrap\">\n            <div class=\"map-info\">\n                <h3>Club de Gol de Gand\u00eda<\/h3>\n                <div class='th-gmap-address'><p>Camino viejo del Grau s\/n<br \/>\n46730 \u2013 Gandia Playa<\/p>\n<p>clubgolf.gandia@gmail.com<\/p>\n<p>623391567<\/p>\n<\/div>\n                <div class='th-gmap-hoursop'><p>Lunes a Viernes: 10am - 6pm<br \/>\nS\u00e1bado: 11am - 4pm<br \/>\nDomingo: 11am - 4pm<\/p>\n<\/div>\n                                <div class=\"th-gmap-links\">\n                                            <a href=\"http:\/\/623391567\">Ll\u00e1manos<\/a>\n                    \n                                            <a href=\"mailto:clubgolf.gandia@gmail.com\">Escribe email<\/a>\n                                    <\/div>\n                \n            <\/div>\n        <\/div>\n\n\t\t<div class=\"th-map\" id=\"th-map-1\" data-map-api=\"\" data-map-latitude=\"39.468081\" data-map-longitude=\"-0.343566\" data-map-zoom=\"13\" data-map-scroll=\"false\" data-map-style='[{\"elementType\":\"geometry\",\"stylers\":[{\"color\":\"#ebe3cd\"}]},{\"elementType\":\"labels.text.fill\",\"stylers\":[{\"color\":\"#523735\"}]},{\"elementType\":\"labels.text.stroke\",\"stylers\":[{\"color\":\"#f5f1e6\"}]},{\"featureType\":\"administrative\",\"elementType\":\"geometry.stroke\",\"stylers\":[{\"color\":\"#c9b2a6\"}]},{\"featureType\":\"administrative.land_parcel\",\"elementType\":\"geometry.stroke\",\"stylers\":[{\"color\":\"#dcd2be\"}]},{\"featureType\":\"administrative.land_parcel\",\"elementType\":\"labels.text.fill\",\"stylers\":[{\"color\":\"#ae9e90\"}]},{\"featureType\":\"landscape.natural\",\"elementType\":\"geometry\",\"stylers\":[{\"color\":\"#dfd2ae\"}]},{\"featureType\":\"poi\",\"elementType\":\"geometry\",\"stylers\":[{\"color\":\"#dfd2ae\"}]},{\"featureType\":\"poi\",\"elementType\":\"labels.text.fill\",\"stylers\":[{\"color\":\"#93817c\"}]},{\"featureType\":\"poi.park\",\"elementType\":\"geometry.fill\",\"stylers\":[{\"color\":\"#a5b076\"}]},{\"featureType\":\"poi.park\",\"elementType\":\"labels.text.fill\",\"stylers\":[{\"color\":\"#447530\"}]},{\"featureType\":\"road\",\"elementType\":\"geometry\",\"stylers\":[{\"color\":\"#f5f1e6\"}]},{\"featureType\":\"road.arterial\",\"elementType\":\"geometry\",\"stylers\":[{\"color\":\"#fdfcf8\"}]},{\"featureType\":\"road.highway\",\"elementType\":\"geometry\",\"stylers\":[{\"color\":\"#f8c967\"}]},{\"featureType\":\"road.highway\",\"elementType\":\"geometry.stroke\",\"stylers\":[{\"color\":\"#e9bc62\"}]},{\"featureType\":\"road.highway.controlled_access\",\"elementType\":\"geometry\",\"stylers\":[{\"color\":\"#e98d58\"}]},{\"featureType\":\"road.highway.controlled_access\",\"elementType\":\"geometry.stroke\",\"stylers\":[{\"color\":\"#db8555\"}]},{\"featureType\":\"road.local\",\"elementType\":\"labels.text.fill\",\"stylers\":[{\"color\":\"#806b63\"}]},{\"featureType\":\"transit.line\",\"elementType\":\"geometry\",\"stylers\":[{\"color\":\"#dfd2ae\"}]},{\"featureType\":\"transit.line\",\"elementType\":\"labels.text.fill\",\"stylers\":[{\"color\":\"#8f7d77\"}]},{\"featureType\":\"transit.line\",\"elementType\":\"labels.text.stroke\",\"stylers\":[{\"color\":\"#ebe3cd\"}]},{\"featureType\":\"transit.station\",\"elementType\":\"geometry\",\"stylers\":[{\"color\":\"#dfd2ae\"}]},{\"featureType\":\"water\",\"elementType\":\"geometry.fill\",\"stylers\":[{\"color\":\"#b9d3c2\"}]},{\"featureType\":\"water\",\"elementType\":\"labels.text.fill\",\"stylers\":[{\"color\":\"#92998d\"}]}]'><\/div>\n\n\t\t\n\t\t\t\t\t\t<\/div>\n\t\t\t\t<\/div>\n\t\t\t\t\t<\/div>\n\t\t<\/div>\n\t\t\t\t\t<\/div>\n\t\t<\/section>\n\t\t\t\t<section class=\"elementor-section elementor-top-section elementor-element elementor-element-41f31e42 elementor-section-boxed elementor-section-height-default elementor-section-height-default\" data-id=\"41f31e42\" data-element_type=\"section\" data-e-type=\"section\">\n\t\t\t\t\t\t<div class=\"elementor-container elementor-column-gap-default\">\n\t\t\t\t\t<div class=\"elementor-column elementor-col-100 elementor-top-column elementor-element elementor-element-3a915609\" data-id=\"3a915609\" data-element_type=\"column\" data-e-type=\"column\">\n\t\t\t<div class=\"elementor-widget-wrap elementor-element-populated\">\n\t\t\t\t\t\t<div class=\"elementor-element elementor-element-670689c elementor-view-default elementor-position-top elementor-invisible elementor-widget elementor-widget-themo-header\" data-id=\"670689c\" data-element_type=\"widget\" data-e-type=\"widget\" data-settings=\"{&quot;_animation&quot;:&quot;fadeInUp&quot;}\" data-widget_type=\"themo-header.default\">\n\t\t\t\t<div class=\"elementor-widget-container\">\n\t\t\t\t\t\t\t<div class=\"th-header-wrap\">\n        <div class=\"elementor-icon-box-wrapper \">\n                            <div class=\"elementor-icon-box-content\">\n                    <h1 class=\"elementor-icon-box-title\">\n                        Ll\u00e1manos                    <\/h1>\n                                            <span class=\"th-header-divider\"><\/span>\n                                        <p class=\"elementor-icon-box-description\">623391567<\/p>\n\n                                    <\/div>\n            <\/div>\n\n        <\/div>\n\n\t\t\t\t\t\t<\/div>\n\t\t\t\t<\/div>\n\t\t\t\t\t<\/div>\n\t\t<\/div>\n\t\t\t\t\t<\/div>\n\t\t<\/section>\n\t\t\t\t<section class=\"elementor-section elementor-top-section elementor-element elementor-element-251cf288 elementor-section-boxed elementor-section-height-default elementor-section-height-default\" data-id=\"251cf288\" data-element_type=\"section\" data-e-type=\"section\">\n\t\t\t\t\t\t<div class=\"elementor-container elementor-column-gap-extended\">\n\t\t\t\t\t<div class=\"elementor-column elementor-col-50 elementor-top-column elementor-element elementor-element-aded4a5\" data-id=\"aded4a5\" data-element_type=\"column\" data-e-type=\"column\">\n\t\t\t<div class=\"elementor-widget-wrap elementor-element-populated\">\n\t\t\t\t\t\t<div class=\"elementor-element elementor-element-25ffd319 elementor-position-left elementor-view-default elementor-invisible elementor-widget elementor-widget-themo-service-block\" data-id=\"25ffd319\" data-element_type=\"widget\" data-e-type=\"widget\" data-settings=\"{&quot;_animation&quot;:&quot;fadeInUp&quot;}\" data-widget_type=\"themo-service-block.default\">\n\t\t\t\t<div class=\"elementor-widget-container\">\n\t\t\t\t\t\t\t<div class=\"th-service-block-w\">\n            <div class=\"elementor-icon-box-wrapper th-show-icon\">\n                                    <div class=\"elementor-icon-box-icon th-icon-size-sm\">\n                        <span class=\"elementor-icon \" >\n                            <i class=\"th-linea icon-basic-smartphone\" aria-hidden=\"true\" fff><\/i>                        <\/span>\n                    <\/div>\n                                <div class=\"elementor-icon-box-content\">\n                    <h4 class=\"elementor-icon-box-title\">\n                        <span >Give us a call<\/span>\n                    <\/h4>\n                    <p class=\"elementor-icon-box-description\">623391567<\/p>\n                <\/div>\n            <\/div>\n\n        <\/div>\n\n\t\t\t\t\t\t<\/div>\n\t\t\t\t<\/div>\n\t\t\t\t<div class=\"elementor-element elementor-element-692ca593 elementor-widget elementor-widget-spacer\" data-id=\"692ca593\" data-element_type=\"widget\" data-e-type=\"widget\" data-widget_type=\"spacer.default\">\n\t\t\t\t<div class=\"elementor-widget-container\">\n\t\t\t\t\t\t\t<div class=\"elementor-spacer\">\n\t\t\t<div class=\"elementor-spacer-inner\"><\/div>\n\t\t<\/div>\n\t\t\t\t\t\t<\/div>\n\t\t\t\t<\/div>\n\t\t\t\t<div class=\"elementor-element elementor-element-6e8a9bd1 elementor-position-left elementor-view-default elementor-invisible elementor-widget elementor-widget-themo-service-block\" data-id=\"6e8a9bd1\" data-element_type=\"widget\" data-e-type=\"widget\" data-settings=\"{&quot;_animation&quot;:&quot;fadeInUp&quot;,&quot;_animation_delay&quot;:50}\" data-widget_type=\"themo-service-block.default\">\n\t\t\t\t<div class=\"elementor-widget-container\">\n\t\t\t\t\t\t\t<div class=\"th-service-block-w\">\n            <div class=\"elementor-icon-box-wrapper th-show-icon\">\n                                    <div class=\"elementor-icon-box-icon th-icon-size-sm\">\n                        <span class=\"elementor-icon \" >\n                            <i class=\"th-linea icon-basic-mail\" aria-hidden=\"true\" fff><\/i>                        <\/span>\n                    <\/div>\n                                <div class=\"elementor-icon-box-content\">\n                    <h4 class=\"elementor-icon-box-title\">\n                        <span >Env\u00edanos un email<\/span>\n                    <\/h4>\n                    <p class=\"elementor-icon-box-description\">clubgolf.gandia@gmail.com<\/p>\n                <\/div>\n            <\/div>\n\n        <\/div>\n\n\t\t\t\t\t\t<\/div>\n\t\t\t\t<\/div>\n\t\t\t\t<div class=\"elementor-element elementor-element-77a04df6 elementor-widget elementor-widget-spacer\" data-id=\"77a04df6\" data-element_type=\"widget\" data-e-type=\"widget\" data-widget_type=\"spacer.default\">\n\t\t\t\t<div class=\"elementor-widget-container\">\n\t\t\t\t\t\t\t<div class=\"elementor-spacer\">\n\t\t\t<div class=\"elementor-spacer-inner\"><\/div>\n\t\t<\/div>\n\t\t\t\t\t\t<\/div>\n\t\t\t\t<\/div>\n\t\t\t\t<div class=\"elementor-element elementor-element-3fc1f03e elementor-position-left elementor-view-default elementor-invisible elementor-widget elementor-widget-themo-service-block\" data-id=\"3fc1f03e\" data-element_type=\"widget\" data-e-type=\"widget\" data-settings=\"{&quot;_animation&quot;:&quot;fadeInUp&quot;,&quot;_animation_delay&quot;:50}\" data-widget_type=\"themo-service-block.default\">\n\t\t\t\t<div class=\"elementor-widget-container\">\n\t\t\t\t\t\t\t<div class=\"th-service-block-w\">\n            <div class=\"elementor-icon-box-wrapper th-show-icon\">\n                                    <div class=\"elementor-icon-box-icon th-icon-size-sm\">\n                        <span class=\"elementor-icon \" >\n                            <i class=\"th-trip travelpack-location-pin-1\" aria-hidden=\"true\" fff><\/i>                        <\/span>\n                    <\/div>\n                                <div class=\"elementor-icon-box-content\">\n                    <h4 class=\"elementor-icon-box-title\">\n                        <span >Swing by<\/span>\n                    <\/h4>\n                    <p class=\"elementor-icon-box-description\">Cursos personalizados<\/p>\n                <\/div>\n            <\/div>\n\n        <\/div>\n\n\t\t\t\t\t\t<\/div>\n\t\t\t\t<\/div>\n\t\t\t\t\t<\/div>\n\t\t<\/div>\n\t\t\t\t<div class=\"elementor-column elementor-col-50 elementor-top-column elementor-element elementor-element-5221a2f5\" data-id=\"5221a2f5\" data-element_type=\"column\" data-e-type=\"column\">\n\t\t\t<div class=\"elementor-widget-wrap elementor-element-populated\">\n\t\t\t\t\t\t<div class=\"elementor-element elementor-element-15bafa47 elementor-invisible elementor-widget elementor-widget-themo-formidable-form\" data-id=\"15bafa47\" data-element_type=\"widget\" data-e-type=\"widget\" data-settings=\"{&quot;_animation&quot;:&quot;fadeInUp&quot;}\" data-widget_type=\"themo-formidable-form.default\">\n\t\t\t\t<div class=\"elementor-widget-container\">\n\t\t\t\t\t            <div class=\"th-fo-form  th-form-default  th-btn-form btn-standard-primary-form\"><div class=\"frm_forms  with_frm_style frm_style_formidable-style\" id=\"frm_form_4_container\" >\n<form enctype=\"multipart\/form-data\" method=\"post\" class=\"frm-show-form \" id=\"form_contact3\" >\n<div class=\"frm_form_fields \">\n<fieldset>\n\r\n<div class=\"frm_fields_container\">\n<input type=\"hidden\" name=\"frm_action\" value=\"create\" \/>\n<input type=\"hidden\" name=\"form_id\" value=\"4\" \/>\n<input type=\"hidden\" name=\"frm_hide_fields_4\" id=\"frm_hide_fields_4\" value=\"\" \/>\n<input type=\"hidden\" name=\"form_key\" value=\"contact3\" \/>\n<input type=\"hidden\" name=\"item_meta[0]\" value=\"\" \/>\n<input type=\"hidden\" id=\"frm_submit_entry_4\" name=\"frm_submit_entry_4\" value=\"0db56e3243\" \/><input type=\"hidden\" name=\"_wp_http_referer\" value=\"\/en\/wp-json\/wp\/v2\/pages\/183\" \/><div id=\"frm_field_14_container\" class=\"frm_form_field form-field  frm_required_field frm_none_container frm_full\">\r\n    <label for=\"field_xipbjr3\" class=\"frm_primary_label\">Name\r\n        <span class=\"frm_required\">*<\/span>\r\n    <\/label>\r\n    <input type=\"text\" id=\"field_xipbjr3\" name=\"item_meta[14]\" value=\"\"  placeholder=\"Name\" data-reqmsg=\"Name cannot be blank.\" aria-required=\"true\" data-invmsg=\"Name is invalid\" aria-invalid=\"false\"  \/>\r\n    \r\n    \r\n<\/div>\n<div id=\"frm_field_15_container\" class=\"frm_form_field form-field  frm_required_field frm_none_container frm_full\">\r\n    <label for=\"field_jaehy83\" class=\"frm_primary_label\">Email\r\n        <span class=\"frm_required\">*<\/span>\r\n    <\/label>\r\n    <input type=\"text\" id=\"field_jaehy83\" name=\"item_meta[15]\" value=\"\"  placeholder=\"Email\" data-reqmsg=\"Email cannot be blank.\" aria-required=\"true\" data-invmsg=\"Email is invalid\" aria-invalid=\"false\"  \/>\r\n    \r\n    \r\n<\/div>\n<div id=\"frm_field_16_container\" class=\"frm_form_field form-field  frm_none_container frm_full\">\r\n    <label for=\"field_cqpguu3\" class=\"frm_primary_label\">Phone\r\n        <span class=\"frm_required\"><\/span>\r\n    <\/label>\r\n    <input type=\"text\" id=\"field_cqpguu3\" name=\"item_meta[16]\" value=\"\"  placeholder=\"Phone\" data-invmsg=\"Phone is invalid\" aria-invalid=\"false\"  \/>\r\n    \r\n    \r\n<\/div>\n<div id=\"frm_field_17_container\" class=\"frm_form_field form-field  frm_required_field frm_none_container frm_full\">\r\n    <label for=\"field_kggkvh3\" class=\"frm_primary_label\">Message\r\n        <span class=\"frm_required\">*<\/span>\r\n    <\/label>\r\n    <textarea name=\"item_meta[17]\" id=\"field_kggkvh3\" rows=\"5\"  placeholder=\"Message\" data-reqmsg=\"Message cannot be blank.\" aria-required=\"true\" data-invmsg=\"Message is invalid\" aria-invalid=\"false\"  ><\/textarea>\r\n    \r\n    \r\n<\/div>\n\t<input type=\"hidden\" name=\"item_key\" value=\"\" \/>\n\t\t\t<div id=\"frm_field_96_container\">\n\t\t\t<label for=\"field_uttye\" >\n\t\t\t\tIf you are human, leave this field blank.\t\t\t<\/label>\n\t\t\t<input  id=\"field_uttye\" type=\"text\" class=\"frm_form_field form-field frm_verify\" name=\"item_meta[96]\" value=\"\"  \/>\n\t\t<\/div>\n\t\t<input name=\"frm_state\" type=\"hidden\" value=\"5lakdm3QDdBdi5lCsuLMbnLrxq5kfL4ueUsK3XjLwuc=\" \/><div class=\"frm_submit\">\r\n\r\n<input type=\"submit\" value=\"Send\"  \/>\r\n<img decoding=\"async\" class=\"frm_ajax_loading\" src=\"https:\/\/clubdegolfgandia.com.es\/wp-content\/plugins\/formidable\/images\/ajax_loader.gif\" alt=\"Sending\" style=\"visibility:hidden;\" \/>\r\n\r\n<\/div><\/div>\n<\/fieldset>\n<\/div>\n\n<\/form>\n<\/div>\n<\/div>\n            \t\t\t\t<\/div>\n\t\t\t\t<\/div>\n\t\t\t\t\t<\/div>\n\t\t<\/div>\n\t\t\t\t\t<\/div>\n\t\t<\/section>\n\t\t\t\t<section class=\"elementor-section elementor-top-section elementor-element elementor-element-505bfaa6 elementor-section-boxed elementor-section-height-default elementor-section-height-default\" data-id=\"505bfaa6\" data-element_type=\"section\" data-e-type=\"section\">\n\t\t\t\t\t\t<div class=\"elementor-container elementor-column-gap-default\">\n\t\t\t\t\t<div class=\"elementor-column elementor-col-100 elementor-top-column elementor-element elementor-element-156704d3\" data-id=\"156704d3\" data-element_type=\"column\" data-e-type=\"column\">\n\t\t\t<div class=\"elementor-widget-wrap elementor-element-populated\">\n\t\t\t\t\t\t<div class=\"elementor-element elementor-element-41e923ba elementor-widget elementor-widget-spacer\" data-id=\"41e923ba\" data-element_type=\"widget\" data-e-type=\"widget\" data-widget_type=\"spacer.default\">\n\t\t\t\t<div class=\"elementor-widget-container\">\n\t\t\t\t\t\t\t<div class=\"elementor-spacer\">\n\t\t\t<div class=\"elementor-spacer-inner\"><\/div>\n\t\t<\/div>\n\t\t\t\t\t\t<\/div>\n\t\t\t\t<\/div>\n\t\t\t\t\t<\/div>\n\t\t<\/div>\n\t\t\t\t\t<\/div>\n\t\t<\/section>\n\t\t\t\t<\/div>\n\t\t","protected":false},"excerpt":{"rendered":"<p>Club de Gol de Gand\u00eda Camino viejo del Grau s\/n 46730 \u2013 Gandia Playa clubgolf.gandia@gmail.com 623391567 Lunes a Viernes: 10am &#8211; 6pm S\u00e1bado: 11am &#8211; 4pm Domingo: 11am &#8211; 4pm Ll\u00e1manos Escribe email Ll\u00e1manos 623391567 Give us a call 623391567 &hellip; <a href=\"https:\/\/clubdegolfgandia.com.es\/en\/contact\/\">Read More<\/a><\/p>","protected":false},"author":1,"featured_media":0,"parent":0,"menu_order":16,"comment_status":"closed","ping_status":"closed","template":"","meta":{"footnotes":""},"class_list":["post-183","page","type-page","status-publish","hentry"],"_links":{"self":[{"href":"https:\/\/clubdegolfgandia.com.es\/en\/wp-json\/wp\/v2\/pages\/183","targetHints":{"allow":["GET"]}}],"collection":[{"href":"https:\/\/clubdegolfgandia.com.es\/en\/wp-json\/wp\/v2\/pages"}],"about":[{"href":"https:\/\/clubdegolfgandia.com.es\/en\/wp-json\/wp\/v2\/types\/page"}],"author":[{"embeddable":true,"href":"https:\/\/clubdegolfgandia.com.es\/en\/wp-json\/wp\/v2\/users\/1"}],"replies":[{"embeddable":true,"href":"https:\/\/clubdegolfgandia.com.es\/en\/wp-json\/wp\/v2\/comments?post=183"}],"version-history":[{"count":6,"href":"https:\/\/clubdegolfgandia.com.es\/en\/wp-json\/wp\/v2\/pages\/183\/revisions"}],"predecessor-version":[{"id":352,"href":"https:\/\/clubdegolfgandia.com.es\/en\/wp-json\/wp\/v2\/pages\/183\/revisions\/352"}],"wp:attachment":[{"href":"https:\/\/clubdegolfgandia.com.es\/en\/wp-json\/wp\/v2\/media?parent=183"}],"curies":[{"name":"wp","href":"https:\/\/api.w.org\/{rel}","templated":true}]}}